{"id":436,"date":"2018-02-21T13:42:19","date_gmt":"2018-02-21T13:42:19","guid":{"rendered":"http:\/\/vtts.edu.rs\/novisajt\/?page_id=436"},"modified":"2022-04-06T10:46:17","modified_gmt":"2022-04-06T08:46:17","slug":"javne-nabavke","status":"publish","type":"page","link":"https:\/\/vtts.edu.rs\/novisajt\/javne-nabavke\/","title":{"rendered":"\u0408\u0430\u0432\u043d\u0435 \u043d\u0430\u0431\u0430\u0432\u043a\u0435"},"content":{"rendered":"<h1>&nbsp;<\/h1>\n<p>&nbsp;<\/p>\n<p>&nbsp;<\/p>\n<p>&nbsp;<\/p>\n<p>&nbsp;<\/p>\n<p>&nbsp;<\/p>\n<p>&nbsp;<\/p>\n<p>&nbsp;<\/p>\n<p>&nbsp;<\/p>\n<p>&nbsp;<\/p>\n<p>&nbsp;<\/p>\n<p>&nbsp;<\/p>\n<p>&nbsp;<\/p>\n<p>&nbsp;<\/p>\n<p>&nbsp;<\/p>\n<p>&nbsp;<\/p>\n<p>&nbsp;<\/p>\n<p>&nbsp;<\/p>\n<p>&nbsp;<\/p>\n<p>&nbsp;<\/p>\n<p>&nbsp;<\/p>\n<p>&nbsp;<\/p>\n<p>&nbsp;<\/p>\n<p>&nbsp;<\/p>\n<p>&nbsp;<\/p>\n<p>&nbsp;<\/p>\n<p>&nbsp;<\/p>\n<p>&nbsp;<\/p>\n<p>&nbsp;<\/p>\n<p>&nbsp;<\/p>\n<h3><span style=\"color: #ff0000;\">\u0410\u0440\u0445\u0438\u0432\u0430<\/span><\/h3>\n<hr>\n<blockquote>\n<h4>2017<\/h4>\n<p><a href=\"http:\/\/vtts.edu.rs\/novisajt\/wp-content\/uploads\/2018\/02\/Konkursna-dokumentacija-za-usluge-mobilne-telefonije.pdf\">Konkursna dokumentacija za usluge mobilne telefonije<\/a><br \/>\n<a href=\"http:\/\/vtts.edu.rs\/novisajt\/wp-content\/uploads\/2018\/02\/POZIV-ZA-PODNOSENJE-PONUDA.pdf\">POZIV ZA PODNO\u0160ENJE PONUDA<\/a><br \/>\n<a href=\"http:\/\/vtts.edu.rs\/novisajt\/wp-content\/uploads\/2018\/02\/PITANJA-I-ODGOVORI.pdf\">PITANJA I ODGOVORI<\/a><br \/>\n<a href=\"http:\/\/vtts.edu.rs\/novisajt\/wp-content\/uploads\/2018\/02\/Odluka-o-dodeli-ugovora.pdf\">Odluka o dodeli ugovora<\/a><br \/>\n<a href=\"http:\/\/vtts.edu.rs\/novisajt\/wp-content\/uploads\/2018\/02\/Obavestenje-o-potpisanom-ugovoru-1.pdf\">Obave\u0161tenje o potpisanom ugovoru <\/a><\/p>\n<hr>\n<h4>2015<\/h4>\n<p><a href=\"http:\/\/vtts.edu.rs\/novisajt\/wp-content\/uploads\/2019\/07\/\u041a\u043e\u043d\u043a\u0443\u0440\u0441\u043d\u0430-\u0434\u043e\u043a\u0443\u043c\u0435\u043d\u0442\u0430\u0446\u0438\u0458\u0430-\u0437\u0430-\u0443\u0441\u043b\u0443\u0433\u0435-\u043c\u043e\u0431\u0438\u043b\u043d\u0435-\u0442\u0435\u043b\u0435\u0444\u043e\u043d\u0438\u0458\u0435.pdf\">\u041a\u043e\u043d\u043a\u0443\u0440\u0441\u043d\u0430 \u0434\u043e\u043a\u0443\u043c\u0435\u043d\u0442\u0430\u0446\u0438\u0458\u0430 \u0437\u0430 \u0443\u0441\u043b\u0443\u0433\u0435 \u043c\u043e\u0431\u0438\u043b\u043d\u0435 \u0442\u0435\u043b\u0435\u0444\u043e\u043d\u0438\u0458\u0435<\/a><br \/>\n<a href=\"http:\/\/vtts.edu.rs\/novisajt\/wp-content\/uploads\/2018\/02\/POZIV-ZA-PODNOSENJE-PONUDA.docx\">POZIV ZA PODNO\u0160ENJE PONUDA<\/a><br \/>\n<a href=\"http:\/\/vtts.edu.rs\/novisajt\/wp-content\/uploads\/2018\/02\/PITANJA-I-ODGOVORI.docx\">PITANJA I ODGOVORI<\/a><br \/>\n<a href=\"http:\/\/vtts.edu.rs\/novisajt\/wp-content\/uploads\/2018\/02\/OBAVESTENJE-O-IZMENAMA-I-DOPUNAMA-KONKURSNE-DOKUMENTACIJE-I-PRODUZENJU-ROKA.docx\">OBAVE\u0160TENJE O IZMENAMA I DOPUNAMA KONKURSNE DOKUMENTACIJE I PRODU\u017dENJU ROKA<\/a><br \/>\n<a href=\"http:\/\/vtts.edu.rs\/novisajt\/wp-content\/uploads\/2018\/02\/OBAVESTENJE-O-IZMENAMA-I-DOPUNAMA-KONKURSNE-DOKUMENTACIJE-.doc\">OBAVE\u0160TENJE O IZMENAMA I DOPUNAMA KONKURSNE DOKUMENTACIJE<\/a><br \/>\n<a href=\"http:\/\/vtts.edu.rs\/novisajt\/wp-content\/uploads\/2018\/02\/11-05-2015-izmenjena-i-dopunjena-konkursna-dokumentacija-za-usluge-mobilne-telefonije.doc\">11 05 2015 izmenjena i dopunjena konkursna dokumentacija za usluge mobilne telefonije<\/a><br \/>\n<a href=\"http:\/\/vtts.edu.rs\/novisajt\/wp-content\/uploads\/2018\/02\/OBAVESTENJE-O-PRODUZENJU-ROKA-ZA-PODNOSENJE-PONUDA-.doc\">OBAVE\u0160TENJE O PRODU\u017dENJU ROKA ZA PODNO\u0160ENJE PONUDA<\/a><br \/>\n<a href=\"http:\/\/vtts.edu.rs\/novisajt\/wp-content\/uploads\/2018\/02\/Obavestenje-o-potpisanom-ugovoru.doc\">Obave\u0161tenje o potpisanom ugovoru<\/a><\/p>\n<p>&nbsp;<\/p>\n<hr>\n<h4>2014<\/h4>\n<p><a href=\"http:\/\/vtts.edu.rs\/novisajt\/wp-content\/uploads\/2018\/02\/obavestenje-o-potpisanom-ugovoru28.11.doc\">Obave\u0161tenje o potpisanom ugovoru28.11<\/a><br \/>\n<a href=\"http:\/\/vtts.edu.rs\/novisajt\/wp-content\/uploads\/2018\/02\/POTVRDA-O-PRIJEMU-KONKURSNE-DOKUMENTACIJE.doc\">POTVRDA O PRIJEMU KONKURSNE DOKUMENTACIJE<\/a><br \/>\n<a href=\"http:\/\/vtts.edu.rs\/novisajt\/wp-content\/uploads\/2018\/02\/Konkursna-dokumentacija-JNMV-br.3-13.doc\">Konkursna dokumentacija -JNMV br.3-13<\/a><br \/>\n<a href=\"http:\/\/vtts.edu.rs\/novisajt\/wp-content\/uploads\/2018\/02\/Poziv-za-podnosenje-ponude-JNMV-br.-3-13.doc\">Poziv za podnosenje ponude JNMV br. 3-13<\/a><br \/>\n<a href=\"http:\/\/vtts.edu.rs\/novisajt\/wp-content\/uploads\/2018\/02\/Zahtev-ponudjacima-za-produzetak-ponude-JNMV-3-2013.doc\">Zahtev ponudjacima za produ\u017eetak ponude JNMV 3-2013<\/a><br \/>\n<a href=\"http:\/\/vtts.edu.rs\/novisajt\/wp-content\/uploads\/2018\/02\/konkursna-dokumentacija-jn-br.12014.doc\">Konkursna dokumentacija jn br.12014<\/a><br \/>\n<a href=\"http:\/\/vtts.edu.rs\/novisajt\/wp-content\/uploads\/2018\/02\/poziv-za-podnosenje-ponude1.docx\">Poziv za podno\u0161enje ponude<\/a><br \/>\n<a href=\"http:\/\/vtts.edu.rs\/novisajt\/wp-content\/uploads\/2018\/02\/obavestenje-o-OBUSTAVA-POSTUPKA-JNMV-3-2013-1.doc\">Obave\u0161tenje o OBUSTAVA POSTUPKA JNMV 3-2013 <\/a><br \/>\n<a href=\"http:\/\/vtts.edu.rs\/novisajt\/wp-content\/uploads\/2018\/02\/obavestenje-o-OBUSTAVA-POSTUPKA-JNMV-3-2013.doc\">Obave\u0161tenje o OBUSTAVA POSTUPKA JNMV 3-2013<\/a><br \/>\n<a href=\"http:\/\/vtts.edu.rs\/novisajt\/wp-content\/uploads\/2018\/02\/KD-JNMV-RADOVI-1-13.doc\">KD JNMV RADOVI 1-13<\/a><br \/>\n<a href=\"http:\/\/vtts.edu.rs\/novisajt\/wp-content\/uploads\/2018\/02\/KD-JNMV-RADOVI-1-13-SA-IZMENAMA.doc\">KD JNMV RADOVI 1-13 &#8211; SA IZMENAMA<\/a><br \/>\n<a href=\"http:\/\/vtts.edu.rs\/novisajt\/wp-content\/uploads\/2018\/02\/Obavestenje-o-izmenama-KD-JNMV.doc\">Obave\u0161tenje o izmenama KD JNMV<\/a><br \/>\n<a href=\"http:\/\/vtts.edu.rs\/novisajt\/wp-content\/uploads\/2018\/02\/obavestenje-za-portal-o-potpisanom-ugovoru.doc\">Obave\u0161tenje za portal o potpisanom ugovoru<\/a><br \/>\n<a href=\"http:\/\/vtts.edu.rs\/novisajt\/wp-content\/uploads\/2018\/02\/kd-jnmv-radovi-2-13.doc\">kd jnmv radovi 2-13<\/a><br \/>\n<a href=\"http:\/\/vtts.edu.rs\/novisajt\/wp-content\/uploads\/2018\/02\/obavestenje-o-ispravci-tehnicke-greske.doc\">Obave\u0161tenje o ispravci tehni\u010dke gre\u0161ke<\/a><br \/>\n<a href=\"http:\/\/vtts.edu.rs\/novisajt\/wp-content\/uploads\/2018\/02\/2-Obavestenje-o-ispravkama-KD-JNMV-2-13-1.doc\">Obave\u0161tenje o ispravkama KD JNMV 2-13 <\/a><br \/>\n<a href=\"http:\/\/vtts.edu.rs\/novisajt\/wp-content\/uploads\/2018\/02\/2-Obavestenje-o-ispravkama-KD-JNMV-2-13.doc\">2 Obave\u0161tenje o ispravkama KD JNMV 2-13<\/a><\/p>\n<p>&nbsp;<\/p><\/blockquote>\n","protected":false},"excerpt":{"rendered":"<p>&nbsp; &nbsp; &nbsp; &nbsp; &nbsp; &nbsp; &nbsp; &nbsp; &nbsp; &nbsp; &nbsp; &nbsp; &nbsp; &nbsp; &nbsp; &nbsp; &nbsp; &nbsp; &nbsp; &nbsp; &nbsp; &nbsp; &nbsp; &nbsp; &nbsp; &nbsp; &nbsp; &nbsp; &nbsp; &nbsp; \u0410\u0440\u0445\u0438\u0432\u0430 2017 Konkursna dokumentacija za usluge mobilne telefonije POZIV ZA <a href=\"https:\/\/vtts.edu.rs\/novisajt\/javne-nabavke\/\" class=\"read-more\">\u0434\u0435\u0442\u0430\u0459\u043d\u0438\u0458\u0435&#8230;<\/a><\/p>\n","protected":false},"author":1,"featured_media":0,"parent":0,"menu_order":0,"comment_status":"closed","ping_status":"closed","template":"","meta":{"ngg_post_thumbnail":0,"footnotes":""},"class_list":["post-436","page","type-page","status-publish","hentry"],"_links":{"self":[{"href":"https:\/\/vtts.edu.rs\/novisajt\/wp-json\/wp\/v2\/pages\/436","targetHints":{"allow":["GET"]}}],"collection":[{"href":"https:\/\/vtts.edu.rs\/novisajt\/wp-json\/wp\/v2\/pages"}],"about":[{"href":"https:\/\/vtts.edu.rs\/novisajt\/wp-json\/wp\/v2\/types\/page"}],"author":[{"embeddable":true,"href":"https:\/\/vtts.edu.rs\/novisajt\/wp-json\/wp\/v2\/users\/1"}],"replies":[{"embeddable":true,"href":"https:\/\/vtts.edu.rs\/novisajt\/wp-json\/wp\/v2\/comments?post=436"}],"version-history":[{"count":9,"href":"https:\/\/vtts.edu.rs\/novisajt\/wp-json\/wp\/v2\/pages\/436\/revisions"}],"predecessor-version":[{"id":9196,"href":"https:\/\/vtts.edu.rs\/novisajt\/wp-json\/wp\/v2\/pages\/436\/revisions\/9196"}],"wp:attachment":[{"href":"https:\/\/vtts.edu.rs\/novisajt\/wp-json\/wp\/v2\/media?parent=436"}],"curies":[{"name":"wp","href":"https:\/\/api.w.org\/{rel}","templated":true}]}}